{"id":442,"date":"2019-04-04T07:04:08","date_gmt":"2019-04-04T07:04:08","guid":{"rendered":"http:\/\/demo.motothemes.co\/netw3\/tour-travel\/?page_id=4"},"modified":"2023-08-08T17:09:16","modified_gmt":"2023-08-08T17:09:16","slug":"startseite","status":"publish","type":"page","link":"https:\/\/poltourist.de\/","title":{"rendered":"Startseite"},"content":{"rendered":"<section class=\"wpb-content-wrapper\"><p>[vc_row][vc_column][vc_separator][\/vc_column][\/vc_row][vc_row full_width=&#8221;stretch_row_content&#8221;][vc_column]\n\t\t\t<!-- START TourTravel REVOLUTION SLIDER 6.6.12 --><p class=\"rs-p-wp-fix\"><\/p>\n\t\t\t<rs-module-wrap id=\"rev_slider_1_1_wrapper\" data-source=\"gallery\" style=\"visibility:hidden;background:transparent;padding:0;margin:0px auto;margin-top:0;margin-bottom:0;\">\n\t\t\t\t<rs-module id=\"rev_slider_1_1\" style=\"\" data-version=\"6.6.12\">\n\t\t\t\t\t<rs-slides style=\"overflow: hidden; position: absolute;\">\n\t\t\t\t\t\t<rs-slide style=\"position: absolute;\" data-key=\"rs-3\" data-title=\"Slide\" data-thumb=\"\/\/poltourist.de\/wp-content\/uploads\/2023\/08\/shutterstock_570142858-100x50.jpg\" data-anim=\"ms:300;f:nodelay;\" data-in=\"o:0;sx:0;sy:0;row:5;col:5;\" data-out=\"a:false;\">\n\t\t\t\t\t\t\t<img decoding=\"async\" src=\"\/\/poltourist.de\/wp-content\/plugins\/revslider\/public\/assets\/assets\/dummy.png\" alt=\"\" title=\"Strand Kolberg\" width=\"1000\" height=\"750\" class=\"rev-slidebg tp-rs-img rs-lazyload\" data-lazyload=\"\/\/poltourist.de\/wp-content\/uploads\/2023\/08\/shutterstock_570142858.jpg\" data-no-retina>\n<!--\n\t\t\t\t\t\t\t--><rs-layer\n\t\t\t\t\t\t\t\tid=\"slider-1-slide-3-layer-16\" \n\t\t\t\t\t\t\t\tdata-type=\"image\"\n\t\t\t\t\t\t\t\tdata-rsp_ch=\"on\"\n\t\t\t\t\t\t\t\tdata-xy=\"xo:568px;yo:93px;\"\n\t\t\t\t\t\t\t\tdata-text=\"l:22;a:inherit;\"\n\t\t\t\t\t\t\t\tdata-dim=\"w:['243px','243px','243px','243px'];h:['87px','87px','87px','87px'];\"\n\t\t\t\t\t\t\t\tdata-vbility=\"t,f,f,f\"\n\t\t\t\t\t\t\t\tdata-frame_0=\"x:-4000px;y:500px;\"\n\t\t\t\t\t\t\t\tdata-frame_1=\"sp:8000;\"\n\t\t\t\t\t\t\t\tdata-frame_999=\"o:0;st:w;sR:1000;\"\n\t\t\t\t\t\t\t\tstyle=\"z-index:11;\"\n\t\t\t\t\t\t\t><img decoding=\"async\" src=\"\/\/poltourist.de\/wp-content\/plugins\/revslider\/public\/assets\/assets\/dummy.png\" alt=\"\" class=\"tp-rs-img rs-lazyload\" width=\"374\" height=\"134\" data-lazyload=\"\/\/poltourist.de\/wp-content\/uploads\/2021\/10\/tour-travel-aeroplane.png\" data-no-retina> \n\t\t\t\t\t\t\t<\/rs-layer><!--\n-->\t\t\t\t\t\t<\/rs-slide>\n\t\t\t\t\t\t<rs-slide style=\"position: absolute;\" data-key=\"rs-5\" data-title=\"Slide\" data-thumb=\"\/\/poltourist.de\/wp-content\/uploads\/2023\/08\/shutterstock_61429441-100x50.jpg\" data-anim=\"ms:300;f:nodelay;\" data-in=\"o:0;sx:0;sy:0;row:5;col:5;\" data-out=\"a:false;\">\n\t\t\t\t\t\t\t<img decoding=\"async\" src=\"\/\/poltourist.de\/wp-content\/plugins\/revslider\/public\/assets\/assets\/dummy.png\" alt=\"\" title=\"M\u00f6ven\" width=\"1000\" height=\"667\" class=\"rev-slidebg tp-rs-img rs-lazyload\" data-lazyload=\"\/\/poltourist.de\/wp-content\/uploads\/2023\/08\/shutterstock_61429441.jpg\" data-no-retina>\n<!---->\t\t\t\t\t\t<\/rs-slide>\n\t\t\t\t\t\t<rs-slide style=\"position: absolute;\" data-key=\"rs-6\" data-title=\"Slide\" data-thumb=\"\/\/poltourist.de\/wp-content\/uploads\/2023\/08\/shutterstock_2007304337-100x50.jpg\" data-anim=\"ms:300;f:nodelay;\" data-in=\"o:0;sx:0;sy:0;row:5;col:5;\" data-out=\"a:false;\">\n\t\t\t\t\t\t\t<img decoding=\"async\" src=\"\/\/poltourist.de\/wp-content\/plugins\/revslider\/public\/assets\/assets\/dummy.png\" alt=\"\" title=\"Swinem\u00fcnde\" width=\"1000\" height=\"667\" class=\"rev-slidebg tp-rs-img rs-lazyload\" data-lazyload=\"\/\/poltourist.de\/wp-content\/uploads\/2023\/08\/shutterstock_2007304337.jpg\" data-no-retina>\n<!---->\t\t\t\t\t\t<\/rs-slide>\n\t\t\t\t\t\t<rs-slide style=\"position: absolute;\" data-key=\"rs-7\" data-title=\"Slide\" data-thumb=\"\/\/poltourist.de\/wp-content\/uploads\/2023\/08\/shutterstock_83804617-100x50.jpg\" data-anim=\"ms:300;f:nodelay;\" data-in=\"o:0;sx:0;sy:0;row:5;col:5;\" data-out=\"a:false;\">\n\t\t\t\t\t\t\t<img decoding=\"async\" src=\"\/\/poltourist.de\/wp-content\/plugins\/revslider\/public\/assets\/assets\/dummy.png\" alt=\"\" title=\"Sand Strand\" width=\"1000\" height=\"667\" class=\"rev-slidebg tp-rs-img rs-lazyload\" data-lazyload=\"\/\/poltourist.de\/wp-content\/uploads\/2023\/08\/shutterstock_83804617.jpg\" data-no-retina>\n<!---->\t\t\t\t\t\t<\/rs-slide>\n\t\t\t\t\t\t<rs-slide style=\"position: absolute;\" data-key=\"rs-8\" data-title=\"Slide\" data-thumb=\"\/\/poltourist.de\/wp-content\/uploads\/2023\/08\/shutterstock_1502056604-100x50.jpg\" data-anim=\"ms:300;f:nodelay;\" data-in=\"o:0;sx:0;sy:0;row:5;col:5;\" data-out=\"a:false;\">\n\t\t\t\t\t\t\t<img decoding=\"async\" src=\"\/\/poltourist.de\/wp-content\/plugins\/revslider\/public\/assets\/assets\/dummy.png\" alt=\"\" title=\"Strandkorb\" width=\"1000\" height=\"750\" class=\"rev-slidebg tp-rs-img rs-lazyload\" data-lazyload=\"\/\/poltourist.de\/wp-content\/uploads\/2023\/08\/shutterstock_1502056604.jpg\" data-no-retina>\n<!--\n\t\t\t\t\t\t\t--><rs-layer\n\t\t\t\t\t\t\t\tid=\"slider-1-slide-8-layer-16\" \n\t\t\t\t\t\t\t\tdata-type=\"image\"\n\t\t\t\t\t\t\t\tdata-rsp_ch=\"on\"\n\t\t\t\t\t\t\t\tdata-xy=\"xo:967px;yo:20px;\"\n\t\t\t\t\t\t\t\tdata-text=\"l:22;a:inherit;\"\n\t\t\t\t\t\t\t\tdata-dim=\"w:['243px','243px','243px','243px'];h:['87px','87px','87px','87px'];\"\n\t\t\t\t\t\t\t\tdata-vbility=\"t,f,f,f\"\n\t\t\t\t\t\t\t\tdata-frame_0=\"x:-4000px;y:500px;\"\n\t\t\t\t\t\t\t\tdata-frame_1=\"sp:8000;\"\n\t\t\t\t\t\t\t\tdata-frame_999=\"o:0;st:w;sR:1000;\"\n\t\t\t\t\t\t\t\tstyle=\"z-index:11;\"\n\t\t\t\t\t\t\t><img decoding=\"async\" src=\"\/\/poltourist.de\/wp-content\/plugins\/revslider\/public\/assets\/assets\/dummy.png\" alt=\"\" class=\"tp-rs-img rs-lazyload\" width=\"374\" height=\"134\" data-lazyload=\"\/\/poltourist.de\/wp-content\/uploads\/2021\/10\/tour-travel-aeroplane.png\" data-no-retina> \n\t\t\t\t\t\t\t<\/rs-layer><!--\n-->\t\t\t\t\t\t<\/rs-slide>\n\t\t\t\t\t<\/rs-slides>\n\t\t\t\t<\/rs-module>\n\t\t\t\t<script>\n\t\t\t\t\tsetREVStartSize({c: 'rev_slider_1_1',rl:[1240,1024,778,480],el:[937,650,550,450],gw:[1240,1024,778,480],gh:[937,650,550,450],type:'standard',justify:'',layout:'fullwidth',mh:\"0\"});if (window.RS_MODULES!==undefined && window.RS_MODULES.modules!==undefined && window.RS_MODULES.modules[\"revslider11\"]!==undefined) {window.RS_MODULES.modules[\"revslider11\"].once = false;window.revapi1 = undefined;if (window.RS_MODULES.checkMinimal!==undefined) window.RS_MODULES.checkMinimal()}\n\t\t\t\t<\/script>\n\t\t\t<\/rs-module-wrap>\n\t\t\t<!-- END REVOLUTION SLIDER -->\n[vc_separator][vc_column_text]<\/p>\n<h1><\/h1>\n<h1><\/h1>\n<h1 style=\"margin-left: 0px; margin-right: 0px; text-align: center;\">Poltourist \u2013 Polenspezialist seit \u00fcber 35 Jahren<\/h1>\n<p>&nbsp;<\/p>\n<p style=\"margin-left: 0px; margin-right: 0px; text-align: center;\"><span style=\"font-size: 22px;\">Ihr freundliches Reiseb\u00fcro in Dortmund f\u00fcr Urlaubsreisen und Kuren nach Polen, Spanien, Kroatien und in andere L\u00e4nder.<\/span><\/p>\n<p>&nbsp;<\/p>\n<p style=\"margin-left: 0px; margin-right: 0px; text-align: center;\"><span style=\"font-size: 22px;\">Fordern Sie kostenlos unseren Reisekatalog an und lassen sich von sch\u00f6nen Reisen und Kuraufenthalten inspirieren.<br \/>\n<\/span><\/p>\n<p style=\"margin-left: 0px; margin-right: 0px; text-align: center;\"><span style=\"font-size: 22px;\">Sie erreichen uns auch selbstverst\u00e4ndlich <strong>telefonisch unter: 0231 \u2013 48 89 77 und per E-Mail.<\/strong><\/span><\/p>\n<p>&nbsp;<\/p>\n<p style=\"margin-left: 0px; margin-right: 0px; text-align: center;\"><span style=\"font-size: 22px;\">St\u00fcbern Sie auf unserer Webseite und finden Sie ihren Traumurlaub.<\/span><\/p>\n<p>&nbsp;<\/p>\n<p style=\"margin-left: 0px; margin-right: 0px; text-align: center;\"><span style=\"font-size: 22px;\">Ob an der Ostsee in <strong>Kolberg, in Swinem\u00fcnde <\/strong>oder nach <strong>Masuren, <\/strong><\/span><span style=\"font-size: 22px;\">bei uns finden Sie alles, was ihr Herz begehrt.<br \/>\nAuch Reisen nach <strong>Spanien oder Kroatien,<\/strong> ans <strong>Meer <\/strong>oder in die <strong>Berge,<\/strong> wir finden f\u00fcr Sie die passende Reise.<\/span><\/p>\n<p>&nbsp;<\/p>\n<p>&nbsp;[\/vc_column_text]<div class=\"pixel_call_action_section pixel_action_style1 pixel_action_69f2799e94b55\">\r\n\t\t\t\t\t<div class=\"row\"><div class=\"col-lg-6 col-md-6 no_padder\">\r\n\t\t\t\t\t\t\t\t\t\t<div class=\"pixel_call_action\">\r\n\t\t\t\t\t\t\t\t\t\t\t<div class=\"pixel_call_display\"><h3>Erholung- und Kururlaub an der Ostsee<\/h3><h2>Polnische Ostsee<\/h2><p>Wir empfehlen Ihnen unsere popul\u00e4ren Kur- und Erholungsreisen an die polnische Ostsee. Lassen Sie sich von Kolberg und weiteren Orten verzaubern.<\/p><a href=\"https:\/\/poltourist.de\/index.php\/unsere-reisen\/\" class=\"pixel_call_action_btn\">Mehr erfahren<\/a><\/div><\/div>\r\n\t\t\t\t\t\t\t\t\t<\/div>\r\n\t\t\t\t\t\t\t\t\t<div class=\"col-lg-6 col-md-6 no_padder\">\r\n\t\t\t\t\t\t\t\t\t\t<div class=\"pixel_call_action_img\">  \r\n\t\t\t\t\t\t\t\t\t\t\t<img decoding=\"async\" src=\"https:\/\/poltourist.de\/wp-content\/uploads\/2023\/08\/Kolberg.jpg\" class=\"img-fluid\" alt=\"Image Missing\"\/><\/div>\r\n\t\t\t\t\t\t\t\t\t<\/div><!-- Video Popup Start -->\r\n\t\t\t\t<div class=\"modal fade pc_popup pixel_callto_popup_video\" role=\"dialog\">\r\n\t\t\t\t  <div class=\"modal-dialog modal-lg\">\r\n\t\t\t\t\t<div class=\"modal-content\">\r\n\t\t\t\t\t  <div class=\"modal-body\">\r\n\t\t\t\t\t\t<div class=\"pc_videodiv\">  \r\n\t\t\t\t\t\t\t<div class=\"embed-responsive embed-responsive-16by9\">\r\n\t\t\t\t\t\t\t\t<iframe class=\"embed-responsive-item\" src=\"\" frameborder=\"0\" allowfullscreen=\"\"><\/iframe>\r\n\t\t\t\t\t\t\t<\/div>  \r\n\t\t\t\t\t\t<\/div>\r\n\t\t\t\t\t<\/div>\r\n\t\t\t\t\t<\/div>\r\n\t\t\t\t  <\/div>\r\n\t\t\t\t<\/div>\r\n\t\t\t\t<!-- Video Popup End --><\/div>\t\r\n\t\t\t\t<\/div>[\/vc_column][\/vc_row][vc_row][vc_column el_class=&#8221;text-center&#8221;]<div class=\"pixel_69f2799e94dcd\"><\/div><div class=\"pixel_69f2799e94dd9\"><\/div>[\/vc_column][\/vc_row][vc_row][vc_column]<div class=\"pixel_69f2799e94de1\"><\/div>[vc_row_inner][vc_column_inner offset=&#8221;vc_col-lg-6 vc_col-md-12&#8243;]<input type=\"hidden\" data-img_slider=\",true,2000\">\r\n\t\t\t\t<div class=\"pixel_img_slider\">\r\n\t\t\t\t\t\t<div class=\"img_slider slick_crousel\"><div class=\"pixel_img_slide_inner\">\r\n\t\t\t\t\t\t\t\t\t\t\t<div class=\"pixel_img_slide_box\">\r\n\t\t\t\t\t\t\t\t\t\t\t\t<img decoding=\"async\" src=\"https:\/\/poltourist.de\/wp-content\/uploads\/2019\/04\/tour-travel-travelformb-1.jpg\" alt=\"pixel\">\r\n\t\t\t\t\t\t\t\t\t\t\t<\/div>\r\n\t\t\t\t\t\t\t\t\t\t<\/div><div class=\"pixel_img_slide_inner\">\r\n\t\t\t\t\t\t\t\t\t\t\t<div class=\"pixel_img_slide_box\">\r\n\t\t\t\t\t\t\t\t\t\t\t\t<img decoding=\"async\" src=\"https:\/\/poltourist.de\/wp-content\/uploads\/2019\/04\/tour-travel-travelforma-1.jpg\" alt=\"pixel\">\r\n\t\t\t\t\t\t\t\t\t\t\t<\/div>\r\n\t\t\t\t\t\t\t\t\t\t<\/div><\/div>\r\n\t\t\t\t<\/div><div class=\"pixel_69f2799e95396\"><\/div>[\/vc_column_inner][vc_column_inner offset=&#8221;vc_col-lg-6 vc_col-md-12&#8243;]<div class=\"pixel_img_design  pixel_bg_opacity pixel_img_border pixel_image_69f2799e953ac\"><img decoding=\"async\" src=\"https:\/\/poltourist.de\/wp-content\/uploads\/2019\/04\/tour-travel-common-1.png\" alt=\"Image Missing\" class=\"img-fluid\"\/><\/div><div class=\"pixel_69f2799e955e2\"><\/div><section class=\"pixel_fancy_heading text-left no_border pixel_69f2799e955fc\"><h1>Katalog bestellen \/ Online-Anfrage<\/h1><\/section><div class=\"pixel_69f2799e9561a\"><\/div><section class=\"pixel_fancy_heading text-left no_border pixel_69f2799e95626\"><h1>Bestellen Sie sich kostenlos unseren Katalog mit spannenden Reisen und Angeboten<\/h1><\/section><div class=\"pixel_69f2799e95635\"><\/div>\n<div class=\"wpcf7 no-js\" id=\"wpcf7-f577-o1\" lang=\"de-DE\" dir=\"ltr\">\n<div class=\"screen-reader-response\"><p role=\"status\" aria-live=\"polite\" aria-atomic=\"true\"><\/p> <ul><\/ul><\/div>\n<form action=\"\/index.php\/wp-json\/wp\/v2\/pages\/442#wpcf7-f577-o1\" method=\"post\" class=\"wpcf7-form init\" aria-label=\"Kontaktformular\" novalidate=\"novalidate\" data-status=\"init\">\n<div style=\"display: none;\">\n<input type=\"hidden\" name=\"_wpcf7\" value=\"577\" \/>\n<input type=\"hidden\" name=\"_wpcf7_version\" value=\"5.8\" \/>\n<input type=\"hidden\" name=\"_wpcf7_locale\" value=\"de_DE\" \/>\n<input type=\"hidden\" name=\"_wpcf7_unit_tag\" value=\"wpcf7-f577-o1\" \/>\n<input type=\"hidden\" name=\"_wpcf7_container_post\" value=\"0\" \/>\n<input type=\"hidden\" name=\"_wpcf7_posted_data_hash\" value=\"\" \/>\n<\/div>\n<p><label> Dein Name<br \/>\n<span class=\"wpcf7-form-control-wrap\" data-name=\"your-name\"><input size=\"40\" class=\"wpcf7-form-control wpcf7-text wpcf7-validates-as-required\" autocomplete=\"name\" aria-required=\"true\" aria-invalid=\"false\" value=\"\" type=\"text\" name=\"your-name\" \/><\/span> <\/label>\n<\/p>\n<p><label> Deine E-Mail-Adresse<br \/>\n<span class=\"wpcf7-form-control-wrap\" data-name=\"your-email\"><input size=\"40\" class=\"wpcf7-form-control wpcf7-email wpcf7-validates-as-required wpcf7-text wpcf7-validates-as-email\" autocomplete=\"email\" aria-required=\"true\" aria-invalid=\"false\" value=\"\" type=\"email\" name=\"your-email\" \/><\/span> <\/label>\n<\/p>\n<p><label> Betreff<br \/>\n<span class=\"wpcf7-form-control-wrap\" data-name=\"your-subject\"><input size=\"40\" class=\"wpcf7-form-control wpcf7-text wpcf7-validates-as-required\" aria-required=\"true\" aria-invalid=\"false\" value=\"\" type=\"text\" name=\"your-subject\" \/><\/span> <\/label>\n<\/p>\n<p><label> Deine Nachricht (optional)<br \/>\n<span class=\"wpcf7-form-control-wrap\" data-name=\"your-message\"><textarea cols=\"40\" rows=\"10\" class=\"wpcf7-form-control wpcf7-textarea\" aria-invalid=\"false\" name=\"your-message\"><\/textarea><\/span> <\/label>\n<\/p>\n<p><input class=\"wpcf7-form-control wpcf7-submit has-spinner\" type=\"submit\" value=\"Senden\" \/>\n<\/p><div class=\"wpcf7-response-output\" aria-hidden=\"true\"><\/div>\n<\/form>\n<\/div>\n[\/vc_column_inner][\/vc_row_inner]<div class=\"pixel_69f2799e95dea\"><\/div>[\/vc_column][\/vc_row]<\/p>\n<\/section>","protected":false},"excerpt":{"rendered":"<p>[vc_row][vc_column][vc_separator][\/vc_column][\/vc_row][vc_row full_width=&#8221;stretch_row_content&#8221;][vc_column][vc_separator][vc_column_text] Poltourist \u2013 Polenspezialist seit \u00fcber 35 Jahren &nbsp; Ihr freundliches Reiseb\u00fcro in Dortmund f\u00fcr Urlaubsreisen und Kuren nach.<\/p>\n","protected":false},"author":1,"featured_media":0,"parent":0,"menu_order":0,"comment_status":"closed","ping_status":"closed","template":"","meta":{"footnotes":""},"class_list":["post-442","page","type-page","status-publish","hentry"],"_links":{"self":[{"href":"https:\/\/poltourist.de\/index.php\/wp-json\/wp\/v2\/pages\/442","targetHints":{"allow":["GET"]}}],"collection":[{"href":"https:\/\/poltourist.de\/index.php\/wp-json\/wp\/v2\/pages"}],"about":[{"href":"https:\/\/poltourist.de\/index.php\/wp-json\/wp\/v2\/types\/page"}],"author":[{"embeddable":true,"href":"https:\/\/poltourist.de\/index.php\/wp-json\/wp\/v2\/users\/1"}],"replies":[{"embeddable":true,"href":"https:\/\/poltourist.de\/index.php\/wp-json\/wp\/v2\/comments?post=442"}],"version-history":[{"count":32,"href":"https:\/\/poltourist.de\/index.php\/wp-json\/wp\/v2\/pages\/442\/revisions"}],"predecessor-version":[{"id":589,"href":"https:\/\/poltourist.de\/index.php\/wp-json\/wp\/v2\/pages\/442\/revisions\/589"}],"wp:attachment":[{"href":"https:\/\/poltourist.de\/index.php\/wp-json\/wp\/v2\/media?parent=442"}],"curies":[{"name":"wp","href":"https:\/\/api.w.org\/{rel}","templated":true}]}}